{"id":10,"date":"2022-08-04T16:26:29","date_gmt":"2022-08-04T14:26:29","guid":{"rendered":"https:\/\/stephankrajcik.com\/?page_id=10"},"modified":"2025-12-03T16:52:58","modified_gmt":"2025-12-03T15:52:58","slug":"accueil","status":"publish","type":"page","link":"https:\/\/stephankrajcik.com\/","title":{"rendered":"Accueil"},"content":{"rendered":"\n<div class=\"wp-block-cover has-parallax\"><span aria-hidden=\"true\" class=\"wp-block-cover__background has-background-dim-0 has-background-dim\"><\/span><div class=\"wp-block-cover__image-background wp-image-507 has-parallax\" style=\"background-position:50% 50%;background-image:url(https:\/\/stephankrajcik.com\/wp-content\/uploads\/2023\/07\/ampoule.png)\"><\/div><div class=\"wp-block-cover__inner-container is-layout-flow wp-block-cover-is-layout-flow\">\n<p class=\"has-text-align-center has-large-font-size\">&lt;span&gt;\u201cC&rsquo;est en pariant sur ce qu&rsquo;il y a de meilleur&lt;br&gt; en l&rsquo;\u00eatre humain que ce meilleur peut se r\u00e9v\u00e9ler.\u201d<br>Jacques Lecomte&lt;\/span&gt;<\/p>\n<\/div><\/div>\n\n\n\n<div class=\"wp-block-group\"><div class=\"wp-block-group__inner-container is-layout-constrained wp-block-group-is-layout-constrained\">\n<div class=\"wp-block-group\"><div class=\"wp-block-group__inner-container is-layout-constrained wp-block-group-is-layout-constrained\">\n<p>&lt;div class=&rsquo;ctxt&rsquo;&gt;<\/p>\n<p>&lt;div class=&rsquo;row&rsquo;&gt;<\/p>\n<p>&lt;div class=&rsquo;col-md-2&prime;&gt;&lt;\/div&gt;<\/p>\n<p>&lt;div class=&rsquo;col-md-8 p50 justify&rsquo; data-aos=\u00a0\u00bbfade-up\u00a0\u00bb data-aos-delay=\u00a0\u00bb100&Prime; data-aos-duration=\u00a0\u00bb1000&Prime;&gt;<\/p>\n<h4 class='font-edit sizeh mt-25'>\u00catre tout ce que vous \u00eates<\/h4>\n<p>Je suis convaincu que la raison d\u2019\u00eatre de chaque humain est de r\u00e9cup\u00e9rer et d\u00e9velopper toutes les parties de lui-m\u00eame qui ont pu \u00eatre emp\u00each\u00e9es ou d\u00e9courag\u00e9es \u00e0 diff\u00e9rents moments de sa vie, et de les r\u00e9unir avec toutes les parties qui ont \u00e9t\u00e9 encourag\u00e9es et valoris\u00e9es. Ceci dans le but d\u2019\u00eatre de nouveau entier et d\u2019offrir son potentiel unique \u00e0 la vie. Une forme de renaissance en quelque sorte\u2026 \n\n<p>&lt;\/div&gt;<\/p>\n<p>&lt;\/div&gt;<\/p>\n<p>&lt;\/div&gt;<\/p>\n<p>&lt;div class=&rsquo;spebg eva row&rsquo;&gt;<\/p>\n<p>&lt;div class=&rsquo;col-md-2&prime;&gt;&lt;\/div&gt;<\/p>\n<p>&lt;div class=&rsquo;col-md-8&prime; data-aos=\u00a0\u00bbfade\u00a0\u00bb data-aos-delay=\u00a0\u00bb100&Prime; data-aos-duration=\u00a0\u00bb800&Prime;&gt;<\/p>\n<p>&lt;div class=&rsquo;btxt ptope justify&rsquo;&gt;<\/p>\n<h4>Le mod\u00e8le appr\u00e9ciatif<\/h4>\n<p>En 2014, je me suis form\u00e9 comme praticien en \u00abAppreciative Inquiry\u00bb ou \u00abd\u00e9marche appr\u00e9ciative\u00bb en fran\u00e7ais. Cette formation a transform\u00e9 mon regard sur le monde, les organisations, les autres, l\u2019humain.\n<\/p>\n<p>\nLa porte d\u2019entr\u00e9e dans l\u2019\u00e9tat d\u2019esprit appr\u00e9ciatif est : \n<ul>\n<li>Et si je passais plus de temps \u00e0 regarder ce qui fonctionne bien, me focaliser sur les succ\u00e8s, sur les r\u00e9ussites?<\/li>\n<li>Et si j\u2019\u00e9tais curieux de savoir pourquoi et comment cela a bien fonctionn\u00e9?<\/li>\n<li>Et si je me demandais quelles sont les conditions favorables qui ont permis ces succ\u00e8s et comment elles ont \u00e9t\u00e9 r\u00e9unies \u00e0 un moment donn\u00e9 pour que ces r\u00e9ussites adviennent ?\n<\/ul>\n<\/p>\n<p>Ce changement de paradigme par rapport \u00e0 l\u2019attention port\u00e9e sur les probl\u00e8mes et leur r\u00e9solution a m\u00e9tamorphos\u00e9 ma fa\u00e7on de voir les choses et d\u2019envisager l\u2019avenir. L\u2019Appreciative Inquiry nous apprend \u00e0 rendre visible le champ des possibles et l\u2019abondance des ressources : le meilleur de ce qui est, le meilleur de chacun, et le meilleur \u00e0 venir.\n <\/p>\n<p>&lt;\/div&gt;<\/p>\n<p>&lt;\/div&gt;<\/p>\n<p>&lt;\/div&gt;<\/p>\n<!--<p>&lt;div class='ctxt btr '&gt;<\/p>\n<p>&lt;div class='row'&gt;<\/p>\n<p>&lt;div class='col-md-2'&gt;&lt;\/div&gt;<\/p>\n<p>&lt;div class='col-md-8 p50 justify' data-aos=\"fade-left\" data-aos-delay=\"100\" data-aos-duration=\"800\"&gt;<\/p>\n<p><strong>Plus que jamais, l\u2019\u00e9volution de la soci\u00e9t\u00e9 est li\u00e9e au mouvement de la conscience humaine. Chaque contribution, aussi petite soit-elle, y a sa place. <\/strong><\/p>\n<p>Pendant cinq jours d\u2019immersion, nous vous invitons \u00e0 un voyage int\u00e9rieur et \u00e0 l\u2019exploration de votre leadership alignant t\u00eate-c\u0153ur-\u00e2me au service de votre raison d\u2019\u00eatre&nbsp;et de ce qui est fondamental&nbsp;pour vous.&nbsp;<\/p>\n<p>Participer \u00e0 la retraite du RDV des Leaders Inspir\u00e9s, c\u2019est d\u00e9couvrir comment l\u2019art d\u2019\u00eatre humain vous permet de choisir et de cr\u00e9er en pleine conscience la vie que vous souhaitez. C\u2019est un espace-temps qui invite \u00e0 la rencontre, \u00e0 l\u2019\u00e9change, au partage, \u00e0 la r\u00e9flexion, au soutien mutuel et \u00e0 l\u2019exp\u00e9rience collective.&nbsp;<\/p>\n<p style=\"text-align: center;\">&lt;span class='font-edit'&gt;\u00ab Seul on va plus vite. Ensemble, on va plus loin . \u00bb &lt;span class='smalls'&gt;Proverbe africain&lt;\/span&gt;&lt;\/span&gt;<\/p>\n<p>&lt;\/div&gt;<\/p>\n<p>&lt;\/div&gt;<\/p>\n<p>&lt;\/div&gt;<\/p>\n<p>&lt;div class='spebg row'&gt;<\/p>\n<p>&lt;div class='col-md-2'&gt;&lt;\/div&gt;<\/p>\n<p>&lt;div class='col-md-8' data-aos=\"fade\" data-aos-delay=\"100\" data-aos-duration=\"800\"&gt;<\/p>\n<p>&lt;div class='btxt ptope justify'&gt;<\/p>\n<p><strong>Quand l'enfant, l'adulte et le ma\u00eetre font route ensemble...<\/strong><\/p>\n<p>Le point d\u2019entr\u00e9e de la retraite est bas\u00e9 sur trois arch\u00e9types pr\u00e9sents en chacun de nous : l\u2019enfant, l\u2019adulte et le ma\u00eetre. Comment font-ils entendre leur voix dans vos vies ? Quelle place leur donnez-vous pour s\u2019exprimer ? Quels sont les fruits de leur cohabitation ?<\/p>\n<p>Aller \u00e0 la rencontre de sa vie int\u00e9rieure, consciente et inconsciente, et observer les effets miroir sur ce que j\u2019exp\u00e9rimente dans les diff\u00e9rents \u00e9cosyst\u00e8mes dans lesquels je vis. Qui croit encore que ce qui est ext\u00e9rieur \u00e0 soi fa\u00e7onne sa r\u00e9alit\u00e9 int\u00e9rieure, fa\u00e7onne ses \u00e9tats \u00e9motionnels et son bien-\u00eatre personnel ?&nbsp; Que penseriez-vous de commencer \u00e0 inverser cette situation et d\u00e9cider de croire le contraire, en vous disant par exemple : \u00ab Et si mon mindset (= mes pens\u00e9es conscientes et inconscientes, mes convictions et mes croyances, les r\u00f4les que je choisis de jouer dans la vie, les doctrines auxquelles j\u2019adh\u00e8re, etc.) \u00e9tait \u00e0 l\u2019origine de chacune de mes \u00e9motions, de mes actions et ainsi de chaque r\u00e9sultat tangible ou intangible que la vie me propose ? Peut-\u00eatre que cela n\u2019est pas vrai et nous vous invitons \u00e0 douter ce point de vue, mais dans tous les cas, si vous choisissiez d\u2019y adh\u00e9rer, cela vous donnerait un sacr\u00e9 pouvoir sur votre vie.&nbsp;<\/p>\n<p style=\"text-align: center;\">&lt;span class='font-edit'&gt;\u00cates-vous pr\u00eats pour l\u2019exploration ?&lt;\/span&gt;<\/p>\n<p>&lt;\/div&gt;<\/p>\n<p>&lt;\/div&gt;<\/p>\n<p>&lt;\/div&gt;<\/p>\n<p>&lt;div class='ctxt btr '&gt;<\/p>\n<p>&lt;div class='row'&gt;<\/p>\n<p>&lt;div class='col-md-2'&gt;&lt;\/div&gt;<\/p>\n<p>&lt;div class='col-md-8 p50 justify' data-aos=\"fade-left\" data-aos-delay=\"100\" data-aos-duration=\"800\"&gt;<\/p>\n<p><strong>Le RDV des Leaders Inspir\u00e9s<\/strong><\/p>\n<p>Le RDV des Leaders Inspir\u00e9s est bien plus qu\u2019un rassemblement d\u2019intellects. C\u2019est la rencontre des \u00e2mes, des c\u0153urs et des esprits. Je fais ressortir le meilleur en toi. Tu fais ressortir le meilleur en moi, en nous. Ensemble, nous sommes une force incroyable, Bien plus que la somme des parties. Le RDV des Leaders Inspir\u00e9s est la rencontre du meilleur de moi avec le meilleur de toi pour le meilleur de nous. Partenaires \u00e9gaux dans cette aventure, nous appr\u00e9cions la valeur de chacun et notre engagement pour l\u2019intention et le but est vivant. Dans cette danse entre la structure et la libert\u00e9, le pouvoir r\u00e9side dans le processus qui promeut l\u2019inclusion, le consensus et la transparence.&nbsp; Tout est possible quand nous apportons nos supers-pouvoirs dans le cercle! Et nous, nous sommes tr\u00e8s curieux de d\u00e9couvrir ce qui est possible quand toi et toi et toi et moi, et moi et nous \u2026 sommes en r\u00e9sonance. &lt;span class='smallers'&gt;Inspir\u00e9 d\u2019un po\u00e8me de Dorothy Oger&lt;\/span&gt;<\/p>\n<p style=\"text-align: center;\">&lt;span class='font-edit'&gt;Tout est possible quand nous apportons nos supers-pouvoirs dans le cercle !&lt;\/span&gt;<\/p>\n<p>&lt;\/div&gt;<\/p>\n<p>&lt;\/div&gt;<\/p>\n<p>&lt;\/div&gt;<\/p>-->\n<p>&lt;div class=&rsquo;ctxt&rsquo;&gt;<\/p>\n<p>&lt;div class=&rsquo;row&rsquo;&gt;<\/p>\n<p>&lt;div class=&rsquo;col-md-2&prime;&gt;&lt;\/div&gt;<\/p>\n<p>&lt;div class=&rsquo;col-md-8 p50 justify&rsquo; data-aos=\u00a0\u00bbfade-up\u00a0\u00bb data-aos-delay=\u00a0\u00bb100&Prime; data-aos-duration=\u00a0\u00bb1000&Prime;&gt;<\/p>\n<h4 class='font-edit sizeh mt-25'>Un \u00e9tat d\u2019esprit qui redynamise et permet d\u2019atteindre ses objectifs !<\/h4>\n<p>Depuis cette rencontre avec la d\u00e9marche appr\u00e9ciative, le fil rouge de mon action est l\u2019humain et sa qu\u00eate de satisfaction, de r\u00e9ussite et de pl\u00e9nitude dans son milieu professionnel comme dans sa vie priv\u00e9e, le tout \u00e9tant compl\u00e8tement interd\u00e9pendant et interimpactant.<\/p>\n<p>Avant tout, faire le choix d\u2019explorer, de mettre en lumi\u00e8re et de faire rayonner le potentiel unique de chacun ; ses talents, ses forces, ce qui le rend vivant et lui donne envie\u2026 le beau, le bon, le bien.<\/p>\n<p>C\u2019est dans cet esprit que j\u2019ai choisi de r\u00e9unir sur le m\u00eame site les diff\u00e9rentes approches que je propose dans le milieu professionnel :\n<ul>\n<li>le coaching <a href=\"https:\/\/stephankrajcik.com\/index.php\/pour-le-dirigeant\/#coaching\">de dirigeant<\/a> et <a href=\"https:\/\/stephankrajcik.com\/index.php\/pour-lequipe\/#coaching\">d\u2019\u00e9quipe<\/a><\/li>\n<li>la facilitation relationnelle <a href=\"https:\/\/stephankrajcik.com\/index.php\/pour-lequipe\/#facilitation\">IMAGO<\/a><\/li>\n<li>la formation en <a href=\"https:\/\/stephankrajcik.com\/index.php\/pour-le-dirigeant\/#management-appreciatif\">management appr\u00e9ciatif<\/a><\/li>\n<li>les <a href=\"https:\/\/stephankrajcik.com\/index.php\/mes-propositions\/#atelier-conference\">atelier-conf\u00e9rences<\/a><\/li>\n<\/ul>\n<\/p>\n<p>Et ce que je propose pour l\u2019\u00e9cologie personnelle et la sph\u00e8re priv\u00e9e :\n<ul>\n<li>le <a href=\"https:\/\/stephankrajcik.com\/index.php\/pour-lecologie-personnelle\/#coaching\">coaching individuel<\/a> <\/li>\n<li>la formation \u00e0 la <a href=\"https:\/\/stephankrajcik.com\/index.php\/pour-lecologie-personnelle\/#odyssee\">relation de couple<\/a><\/li>\n<li>la facilitation relationnelle <a href=\"https:\/\/stephankrajcik.com\/index.php\/pour-lecologie-personnelle\/#facilitation\">IMAGO<\/a><\/li>\n<\/ul>\nLe c\u0153ur de mon activit\u00e9 \u00e9tant sur ce qui r\u00e9unit, la qualit\u00e9 relationnelle et le savoir \u00eatre \u00e0 soi, aux autres, au monde.\n<\/p>\n<p>&lt;\/div&gt;<\/p>\n<p>&lt;\/div&gt;<\/p>\n<p>&lt;\/div&gt;<\/p>\n<div class=\"col-md-12\" align=\"center\">\n<h3 style=\"margin-bottom: 25px\" class=\"custom-blue\"><strong>R\u00e9f\u00e9rences clients<\/strong><\/h4>\n<p>&lt;div class=&rsquo;col-md-2&prime;&gt;&lt;\/div&gt;<\/p>\n<div style=\"display: flex; justify-content: space-evenly; align-items:center; width: 1200px; max-width: 100%; margin: auto; flex-wrap:wrap; margin- 15px 25p: 45px;\">\n<div style=\"background-position: center; margin: 10px 15px; width: 100px; height: 70px; background-size: contain; background-repeat: no-repeat; background-image: url(https:\/\/stephankrajcik.com\/wp-content\/uploads\/logos\/hp.png)\"><\/div>\n<div style=\"background-position: center; margin: 10px 15px; width: 100px; height: 70px; background-size: contain; background-repeat: no-repeat; background-image: url(https:\/\/stephankrajcik.com\/wp-content\/uploads\/logos\/ompi.jpeg)\"><\/div>\n<div style=\"background-position: center; margin: 10px 15px; width: 100px; height: 70px; background-size: contain; background-repeat: no-repeat; background-image: url(https:\/\/stephankrajcik.com\/wp-content\/uploads\/logos\/groupe_facility.jpeg)\"><\/div>\n<div style=\"background-position: center; margin: 10px 15px; width: 100px; height: 70px; background-size: contain; background-repeat: no-repeat; background-image: url(https:\/\/stephankrajcik.com\/wp-content\/uploads\/logos\/fti.jpg)\"><\/div>\n<div style=\"width: 100px; height: 70px; background-size: contain; background-repeat: no-repeat; background-image: url(https:\/\/stephankrajcik.com\/wp-content\/uploads\/logos\/golden_tulip.jpg)\"><\/div>\n<div style=\"background-position: center; margin: 10px 15px; width: 100px; height: 70px; background-size: contain; background-repeat: no-repeat; background-image: url(https:\/\/stephankrajcik.com\/wp-content\/uploads\/logos\/technicolor.png)\"><\/div>\n<div style=\"background-position: center; margin: 10px 15px; width: 100px; height: 70px; background-size: contain; background-repeat: no-repeat; background-image: url(https:\/\/stephankrajcik.com\/wp-content\/uploads\/logos\/iata.png)\"><\/div>\n<div style=\"background-position: center; margin: 10px 15px; width: 100px; height: 70px; background-size: contain; background-repeat: no-repeat; background-image: url(https:\/\/stephankrajcik.com\/wp-content\/uploads\/logos\/cfip.jpeg)\"><\/div>\n<div style=\"background-position: center; margin: 10px 15px; width: 100px; height: 70px; background-size: contain; background-repeat: no-repeat; background-image: url(https:\/\/stephankrajcik.com\/wp-content\/uploads\/logos\/starbucks.png)\"><\/div>\n<div style=\"width: 100px; height: 70px; background-size: contain; background-repeat: no-repeat; background-image: url(https:\/\/stephankrajcik.com\/wp-content\/uploads\/logos\/cjd.jpg)\"><\/div>\n<div style=\"background-position: center; margin: 10px 15px; width: 100px; height: 70px; background-size: contain; background-repeat: no-repeat; background-image: url(https:\/\/stephankrajcik.com\/wp-content\/uploads\/logos\/solucracy.png)\"><\/div>\n<div style=\"background-position: center; margin: 10px 15px; width: 100px; height: 70px; background-size: contain; background-repeat: no-repeat; background-image: url(https:\/\/stephankrajcik.com\/wp-content\/uploads\/logos\/hrc.png)\"><\/div>\n<div style=\"background-position: center; margin: 10px 15px; width: 100px; height: 70px; background-size: contain; background-repeat: no-repeat; background-image: url(https:\/\/stephankrajcik.com\/wp-content\/uploads\/logos\/uimm.png)\"><\/div>\n<div style=\"background-position: center; margin: 10px 15px; width: 100px; height: 70px; background-size: contain; background-repeat: no-repeat; background-image: url(https:\/\/stephankrajcik.com\/wp-content\/uploads\/logos\/eumetrys.png)\"><\/div>\n<div style=\"background-position: center; margin: 10px 15px; width: 100px; height: 70px; background-size: contain; background-repeat: no-repeat; background-image: url(https:\/\/stephankrajcik.com\/wp-content\/uploads\/logos\/deloitte.png)\"><\/div>\n<div style=\"background-position: center; margin: 10px 15px; width: 100px; height: 70px; background-size: contain; background-repeat: no-repeat; background-image: url(https:\/\/stephankrajcik.com\/wp-content\/uploads\/logos\/ch_carpentras.png)\"><\/div>\n<div style=\"background-position: center; margin: 10px 15px; width: 100px; height: 70px; background-size: contain; background-repeat: no-repeat; background-image: url(https:\/\/stephankrajcik.com\/wp-content\/uploads\/logos\/CHU_Montpellier.png)\"><\/div>\n<div style=\"background-position: center; margin: 10px 15px; width: 100px; height: 70px; background-size: contain; background-repeat: no-repeat; background-image: url(https:\/\/stephankrajcik.com\/wp-content\/uploads\/logos\/GH_St_Joseph.jpeg)\"><\/div>\n<\/div>\n<\/div>\n<\/div>\n<\/div>\n<\/div><\/div>\n<\/div><\/div>\n","protected":false},"excerpt":{"rendered":"<p>&lt;div class=&rsquo;ctxt&rsquo;&gt; &lt;div class=&rsquo;row&rsquo;&gt; &lt;div class=&rsquo;col-md-2&prime;&gt;&lt;\/div&gt; &lt;div class=&rsquo;col-md-8 p50 justify&rsquo; data-aos=\u00a0\u00bbfade-up\u00a0\u00bb data-aos-delay=\u00a0\u00bb100&Prime; data-aos-duration=\u00a0\u00bb1000&Prime;&gt; \u00catre tout ce que vous \u00eates Je suis convaincu que la raison d\u2019\u00eatre de chaque humain est de r\u00e9cup\u00e9rer et d\u00e9velopper toutes les parties de lui-m\u00eame qui ont pu \u00eatre emp\u00each\u00e9es ou d\u00e9courag\u00e9es \u00e0 diff\u00e9rents moments de sa vie, et de les [&hellip;]<\/p>\n","protected":false},"author":1,"featured_media":0,"parent":0,"menu_order":0,"comment_status":"closed","ping_status":"closed","template":"template-banner.php","meta":{"footnotes":""},"class_list":["post-10","page","type-page","status-publish","hentry"],"yoast_head":"<!-- This site is optimized with the Yoast SEO plugin v20.10 - https:\/\/yoast.com\/wordpress\/plugins\/seo\/ -->\n<title>Accueil - Stephan Krajcik<\/title>\n<meta name=\"robots\" content=\"index, follow, max-snippet:-1, max-image-preview:large, max-video-preview:-1\" \/>\n<link rel=\"canonical\" href=\"https:\/\/stephankrajcik.com\/\" \/>\n<meta property=\"og:locale\" content=\"fr_FR\" \/>\n<meta property=\"og:type\" content=\"article\" \/>\n<meta property=\"og:title\" content=\"Accueil - Stephan Krajcik\" \/>\n<meta property=\"og:description\" content=\"&lt;div class=&rsquo;ctxt&rsquo;&gt; &lt;div class=&rsquo;row&rsquo;&gt; &lt;div class=&rsquo;col-md-2&prime;&gt;&lt;\/div&gt; &lt;div class=&rsquo;col-md-8 p50 justify&rsquo; data-aos=\u00a0\u00bbfade-up\u00a0\u00bb data-aos-delay=\u00a0\u00bb100&Prime; data-aos-duration=\u00a0\u00bb1000&Prime;&gt; \u00catre tout ce que vous \u00eates Je suis convaincu que la raison d\u2019\u00eatre de chaque humain est de r\u00e9cup\u00e9rer et d\u00e9velopper toutes les parties de lui-m\u00eame qui ont pu \u00eatre emp\u00each\u00e9es ou d\u00e9courag\u00e9es \u00e0 diff\u00e9rents moments de sa vie, et de les [&hellip;]\" \/>\n<meta property=\"og:url\" content=\"https:\/\/stephankrajcik.com\/\" \/>\n<meta property=\"og:site_name\" content=\"Stephan Krajcik\" \/>\n<meta property=\"article:modified_time\" content=\"2025-12-03T15:52:58+00:00\" \/>\n<meta name=\"twitter:card\" content=\"summary_large_image\" \/>\n<meta name=\"twitter:label1\" content=\"Dur\u00e9e de lecture estim\u00e9e\" \/>\n\t<meta name=\"twitter:data1\" content=\"3 minutes\" \/>\n<script type=\"application\/ld+json\" class=\"yoast-schema-graph\">{\"@context\":\"https:\/\/schema.org\",\"@graph\":[{\"@type\":\"WebPage\",\"@id\":\"https:\/\/stephankrajcik.com\/\",\"url\":\"https:\/\/stephankrajcik.com\/\",\"name\":\"Accueil - Stephan Krajcik\",\"isPartOf\":{\"@id\":\"https:\/\/stephankrajcik.com\/#website\"},\"datePublished\":\"2022-08-04T14:26:29+00:00\",\"dateModified\":\"2025-12-03T15:52:58+00:00\",\"breadcrumb\":{\"@id\":\"https:\/\/stephankrajcik.com\/#breadcrumb\"},\"inLanguage\":\"fr-FR\",\"potentialAction\":[{\"@type\":\"ReadAction\",\"target\":[\"https:\/\/stephankrajcik.com\/\"]}]},{\"@type\":\"BreadcrumbList\",\"@id\":\"https:\/\/stephankrajcik.com\/#breadcrumb\",\"itemListElement\":[{\"@type\":\"ListItem\",\"position\":1,\"name\":\"Accueil\",\"item\":\"https:\/\/stephankrajcik.com\/\"},{\"@type\":\"ListItem\",\"position\":2,\"name\":\"Accueil\"}]},{\"@type\":\"WebSite\",\"@id\":\"https:\/\/stephankrajcik.com\/#website\",\"url\":\"https:\/\/stephankrajcik.com\/\",\"name\":\"Stephan Krajcik\",\"description\":\"Coach et Praticien Appr\u00e9ciatif\",\"publisher\":{\"@id\":\"https:\/\/stephankrajcik.com\/#\/schema\/person\/38bb23481570d85c030cedb59eb736b8\"},\"potentialAction\":[{\"@type\":\"SearchAction\",\"target\":{\"@type\":\"EntryPoint\",\"urlTemplate\":\"https:\/\/stephankrajcik.com\/?s={search_term_string}\"},\"query-input\":\"required name=search_term_string\"}],\"inLanguage\":\"fr-FR\"},{\"@type\":[\"Person\",\"Organization\"],\"@id\":\"https:\/\/stephankrajcik.com\/#\/schema\/person\/38bb23481570d85c030cedb59eb736b8\",\"name\":\"admin9842\",\"image\":{\"@type\":\"ImageObject\",\"inLanguage\":\"fr-FR\",\"@id\":\"https:\/\/stephankrajcik.com\/#\/schema\/person\/image\/\",\"url\":\"https:\/\/secure.gravatar.com\/avatar\/b75c30ce64f7643c719d88aaaf00aab82dd13ec4e6fc77f1032bbf03c2da4546?s=96&d=mm&r=g\",\"contentUrl\":\"https:\/\/secure.gravatar.com\/avatar\/b75c30ce64f7643c719d88aaaf00aab82dd13ec4e6fc77f1032bbf03c2da4546?s=96&d=mm&r=g\",\"caption\":\"admin9842\"},\"logo\":{\"@id\":\"https:\/\/stephankrajcik.com\/#\/schema\/person\/image\/\"},\"sameAs\":[\"http:\/\/stephankrajcik.com\",\"https:\/\/www.linkedin.com\/in\/skrajcik\/\"]}]}<\/script>\n<!-- \/ Yoast SEO plugin. -->","yoast_head_json":{"title":"Accueil - Stephan Krajcik","robots":{"index":"index","follow":"follow","max-snippet":"max-snippet:-1","max-image-preview":"max-image-preview:large","max-video-preview":"max-video-preview:-1"},"canonical":"https:\/\/stephankrajcik.com\/","og_locale":"fr_FR","og_type":"article","og_title":"Accueil - Stephan Krajcik","og_description":"&lt;div class=&rsquo;ctxt&rsquo;&gt; &lt;div class=&rsquo;row&rsquo;&gt; &lt;div class=&rsquo;col-md-2&prime;&gt;&lt;\/div&gt; &lt;div class=&rsquo;col-md-8 p50 justify&rsquo; data-aos=\u00a0\u00bbfade-up\u00a0\u00bb data-aos-delay=\u00a0\u00bb100&Prime; data-aos-duration=\u00a0\u00bb1000&Prime;&gt; \u00catre tout ce que vous \u00eates Je suis convaincu que la raison d\u2019\u00eatre de chaque humain est de r\u00e9cup\u00e9rer et d\u00e9velopper toutes les parties de lui-m\u00eame qui ont pu \u00eatre emp\u00each\u00e9es ou d\u00e9courag\u00e9es \u00e0 diff\u00e9rents moments de sa vie, et de les [&hellip;]","og_url":"https:\/\/stephankrajcik.com\/","og_site_name":"Stephan Krajcik","article_modified_time":"2025-12-03T15:52:58+00:00","twitter_card":"summary_large_image","twitter_misc":{"Dur\u00e9e de lecture estim\u00e9e":"3 minutes"},"schema":{"@context":"https:\/\/schema.org","@graph":[{"@type":"WebPage","@id":"https:\/\/stephankrajcik.com\/","url":"https:\/\/stephankrajcik.com\/","name":"Accueil - Stephan Krajcik","isPartOf":{"@id":"https:\/\/stephankrajcik.com\/#website"},"datePublished":"2022-08-04T14:26:29+00:00","dateModified":"2025-12-03T15:52:58+00:00","breadcrumb":{"@id":"https:\/\/stephankrajcik.com\/#breadcrumb"},"inLanguage":"fr-FR","potentialAction":[{"@type":"ReadAction","target":["https:\/\/stephankrajcik.com\/"]}]},{"@type":"BreadcrumbList","@id":"https:\/\/stephankrajcik.com\/#breadcrumb","itemListElement":[{"@type":"ListItem","position":1,"name":"Accueil","item":"https:\/\/stephankrajcik.com\/"},{"@type":"ListItem","position":2,"name":"Accueil"}]},{"@type":"WebSite","@id":"https:\/\/stephankrajcik.com\/#website","url":"https:\/\/stephankrajcik.com\/","name":"Stephan Krajcik","description":"Coach et Praticien Appr\u00e9ciatif","publisher":{"@id":"https:\/\/stephankrajcik.com\/#\/schema\/person\/38bb23481570d85c030cedb59eb736b8"},"potentialAction":[{"@type":"SearchAction","target":{"@type":"EntryPoint","urlTemplate":"https:\/\/stephankrajcik.com\/?s={search_term_string}"},"query-input":"required name=search_term_string"}],"inLanguage":"fr-FR"},{"@type":["Person","Organization"],"@id":"https:\/\/stephankrajcik.com\/#\/schema\/person\/38bb23481570d85c030cedb59eb736b8","name":"admin9842","image":{"@type":"ImageObject","inLanguage":"fr-FR","@id":"https:\/\/stephankrajcik.com\/#\/schema\/person\/image\/","url":"https:\/\/secure.gravatar.com\/avatar\/b75c30ce64f7643c719d88aaaf00aab82dd13ec4e6fc77f1032bbf03c2da4546?s=96&d=mm&r=g","contentUrl":"https:\/\/secure.gravatar.com\/avatar\/b75c30ce64f7643c719d88aaaf00aab82dd13ec4e6fc77f1032bbf03c2da4546?s=96&d=mm&r=g","caption":"admin9842"},"logo":{"@id":"https:\/\/stephankrajcik.com\/#\/schema\/person\/image\/"},"sameAs":["http:\/\/stephankrajcik.com","https:\/\/www.linkedin.com\/in\/skrajcik\/"]}]}},"_links":{"self":[{"href":"https:\/\/stephankrajcik.com\/index.php\/wp-json\/wp\/v2\/pages\/10","targetHints":{"allow":["GET"]}}],"collection":[{"href":"https:\/\/stephankrajcik.com\/index.php\/wp-json\/wp\/v2\/pages"}],"about":[{"href":"https:\/\/stephankrajcik.com\/index.php\/wp-json\/wp\/v2\/types\/page"}],"author":[{"embeddable":true,"href":"https:\/\/stephankrajcik.com\/index.php\/wp-json\/wp\/v2\/users\/1"}],"replies":[{"embeddable":true,"href":"https:\/\/stephankrajcik.com\/index.php\/wp-json\/wp\/v2\/comments?post=10"}],"version-history":[{"count":167,"href":"https:\/\/stephankrajcik.com\/index.php\/wp-json\/wp\/v2\/pages\/10\/revisions"}],"predecessor-version":[{"id":1095,"href":"https:\/\/stephankrajcik.com\/index.php\/wp-json\/wp\/v2\/pages\/10\/revisions\/1095"}],"wp:attachment":[{"href":"https:\/\/stephankrajcik.com\/index.php\/wp-json\/wp\/v2\/media?parent=10"}],"curies":[{"name":"wp","href":"https:\/\/api.w.org\/{rel}","templated":true}]}}